{"id":101,"date":"2021-12-21T22:47:11","date_gmt":"2021-12-21T22:47:11","guid":{"rendered":"https:\/\/jechoteles.com\/hotel-alicante-bogota\/?page_id=101"},"modified":"2022-02-15T00:27:43","modified_gmt":"2022-02-15T00:27:43","slug":"politicas-de-sostenibilidad","status":"publish","type":"page","link":"https:\/\/jechoteles.com\/hotel-alicante-bogota\/politicas-de-sostenibilidad\/","title":{"rendered":"Pol\u00edticas de sostenibilidad"},"content":{"rendered":"<section class=\"l-section wpb_row height_medium\"><div class=\"l-section-h i-cf\"><div class=\"g-cols via_grid cols_1-4-1 laptops-cols_inherit tablets-cols_inherit mobiles-cols_1 valign_top type_default\"><div class=\"wpb_column vc_column_container\"><div class=\"vc_column-inner\"><div class=\"w-separator size_custom\" style=\"height:\"><\/div><\/div><\/div><div class=\"wpb_column vc_column_container\"><div class=\"vc_column-inner\"><div class=\"wpb_text_column\"><div class=\"wpb_wrapper\"><h2 style=\"text-align: center;\"><strong>POL\u00cdTICAS DE SOSTENIBILIDAD<\/strong><\/h2>\n<p>En el Hotel Alicante Bogot\u00e1 nos aseguramos de que nuestros clientes reciban un servicio personalizado en un entorno de hospitalidad, amabilidad y excelencia; trabajamos con un equipo humano competente, empoderado y comprometido que a trav\u00e9s de procesos de calidad garantizan la fidelizaci\u00f3n de nuestros clientes y la mejora continua, con el fin de obtener un \u00f3ptimo retorno de inversi\u00f3n para los accionistas.<br \/>\nNos comprometemos a minimizar los impactos negativos en los recursos ambientales, socioculturales y econ\u00f3micos, mantener y mejorar aspectos positivos con base en principios de sostenibilidad. Nuestros colaboradores, hu\u00e9spedes, clientes y proveedores son part\u00edcipes en la promoci\u00f3n y conservaci\u00f3n del patrimonio cultural y natural mediante programas que aportan a la preservaci\u00f3n, uso racional de los recursos naturales y beneficios a la comunidad, cumpliendo con los requisitos legales aplicables.<br \/>\nEstamos comprometidos con la protecci\u00f3n de los ni\u00f1os, ni\u00f1as, y adolescentes, por lo cual prevenimos cualquier forma de explotaci\u00f3n infantil.<\/p>\n<p><strong>Objetivos de Sostenibilidad del Hotel Alicante Bogot\u00e1<\/strong><\/p>\n<ul>\n<li>Desarrollar las habilidades de los colaboradores a partir de las necesidades reales, aportando con este al desarrollo y fortalecimiento de sus competencias, de modo que ejecute las tareas y funciones asociadas a su puesto de trabajo de forma eficiente.<\/li>\n<li>Garantizar que se ejecuten acciones encaminadas a la minimizaci\u00f3n y adecuado uso de los productos qu\u00edmicos estableciendo desde su selecci\u00f3n que sean amigables con el medio ambiente y establecer verificaci\u00f3n correspondiente.<\/li>\n<li>Localizar las fuentes directas de contaminaci\u00f3n ambiental, visual y auditiva e implementar estrategias que disminuyan su impacto evaluando si se llevan a cabo.<\/li>\n<li>Reducir el consumo de los recursos (agua, luz y combustibles) en el hotel, implementando las actividades establecidas.<\/li>\n<li>Controlar\u00a0 el manejo de residuos en el Hotel a trav\u00e9s de la implementaci\u00f3n de nuevas t\u00e9cnicas en la recolecci\u00f3n desde la fuente, hasta la organizaci\u00f3n, clasificaci\u00f3n y salida de los residuos del hotel.<\/li>\n<li>Planear, ejecutar, verificar y desarrollar actividades preventivas y correctivas con el prop\u00f3sito de mantener en condiciones de presentaci\u00f3n, confort y disponibilidad la estructura locativa del Hotel y en buen funcionamiento los equipos de operaci\u00f3n.<\/li>\n<li>Promover en los colaboradores, hu\u00e9spedes y clientes, el conocimiento sobre el patrimonio cultural, la fauna y flora de la ciudad, previniendo la generaci\u00f3n de impactos negativos.<\/li>\n<li>Desarrollar las habilidades de los colaboradores a partir de las necesidades reales, aportando con este al desarrollo y fortalecimiento de sus competencias, de modo que ejecute las tareas y funciones asociadas a su puesto de trabajo de forma eficiente.<\/li>\n<\/ul>\n<\/div><\/div><\/div><\/div><div class=\"wpb_column vc_column_container\"><div class=\"vc_column-inner\"><\/div><\/div><\/div><\/div><\/section>\n","protected":false},"excerpt":{"rendered":"POL\u00cdTICAS DE SOSTENIBILIDAD En el Hotel Alicante Bogot\u00e1 nos aseguramos de que nuestros clientes reciban un servicio personalizado en un entorno de hospitalidad, amabilidad y excelencia; trabajamos con un equipo humano competente, empoderado y comprometido que a trav\u00e9s de procesos de calidad garantizan la fidelizaci\u00f3n de nuestros clientes y la mejora continua, con el fin...","protected":false},"author":1,"featured_media":0,"parent":0,"menu_order":0,"comment_status":"closed","ping_status":"closed","template":"","meta":{"_joinchat":[],"footnotes":""},"class_list":["post-101","page","type-page","status-publish","hentry"],"_links":{"self":[{"href":"https:\/\/jechoteles.com\/hotel-alicante-bogota\/wp-json\/wp\/v2\/pages\/101","targetHints":{"allow":["GET"]}}],"collection":[{"href":"https:\/\/jechoteles.com\/hotel-alicante-bogota\/wp-json\/wp\/v2\/pages"}],"about":[{"href":"https:\/\/jechoteles.com\/hotel-alicante-bogota\/wp-json\/wp\/v2\/types\/page"}],"author":[{"embeddable":true,"href":"https:\/\/jechoteles.com\/hotel-alicante-bogota\/wp-json\/wp\/v2\/users\/1"}],"replies":[{"embeddable":true,"href":"https:\/\/jechoteles.com\/hotel-alicante-bogota\/wp-json\/wp\/v2\/comments?post=101"}],"version-history":[{"count":3,"href":"https:\/\/jechoteles.com\/hotel-alicante-bogota\/wp-json\/wp\/v2\/pages\/101\/revisions"}],"predecessor-version":[{"id":340,"href":"https:\/\/jechoteles.com\/hotel-alicante-bogota\/wp-json\/wp\/v2\/pages\/101\/revisions\/340"}],"wp:attachment":[{"href":"https:\/\/jechoteles.com\/hotel-alicante-bogota\/wp-json\/wp\/v2\/media?parent=101"}],"curies":[{"name":"wp","href":"https:\/\/api.w.org\/{rel}","templated":true}]}}