{"id":103,"date":"2021-12-21T23:01:35","date_gmt":"2021-12-21T23:01:35","guid":{"rendered":"https:\/\/jechoteles.com\/hotel-alicante-bogota\/?page_id=103"},"modified":"2021-12-23T22:53:07","modified_gmt":"2021-12-23T22:53:07","slug":"habitaciones","status":"publish","type":"page","link":"https:\/\/jechoteles.com\/hotel-alicante-bogota\/habitaciones\/","title":{"rendered":"Habitaciones"},"content":{"rendered":"<section class=\"l-section wpb_row height_large color_primary with_img\"><div class=\"l-section-img\" style=\"background-image: url(https:\/\/jechoteles.com\/hotel-alicante-bogota\/wp-content\/uploads\/sites\/10\/2021\/12\/121785609.jpg);\" data-img-width=\"894\" data-img-height=\"600\"><\/div><div class=\"l-section-overlay\" style=\"background:rgba(0,0,0,0.50)\"><\/div><div class=\"l-section-h i-cf\"><div class=\"g-cols via_grid cols_2 laptops-cols_inherit tablets-cols_inherit mobiles-cols_1 valign_top type_default\"><div class=\"wpb_column vc_column_container\"><div class=\"vc_column-inner\">[vc_custom_heading text=&#8221;Habitaciones&#8221; font_container=&#8221;tag:h2|text_align:center&#8221; google_fonts=&#8221;font_family:Raleway%3A100%2C200%2C300%2Cregular%2C500%2C600%2C700%2C800%2C900|font_style:900%20bold%20regular%3A900%3Anormal&#8221;]<div class=\"w-sharing type_simple align_center color_default\"><div class=\"w-sharing-list\" data-content-image=\"true\"><a class=\"w-sharing-item email\" href=\"mailto:?subject=Habitaciones&amp;body=https:\/\/jechoteles.com\/hotel-alicante-bogota\/wp-json\/wp\/v2\/pages\/103\" title=\"Env\u00edalo por mail\" aria-label=\"Env\u00edalo por mail\"><i class=\"fas fa-envelope\"><\/i><\/a><a class=\"w-sharing-item facebook\" href=\"https:\/\/www.facebook.com\/sharer\/sharer.php?u=https:\/\/jechoteles.com\/hotel-alicante-bogota\/wp-json\/wp\/v2\/pages\/103&amp;quote=Habitaciones\" title=\"Comparte esto\" aria-label=\"Comparte esto\" onclick=\"window.open(this.href, &quot;facebook&quot;, &quot;toolbar=0,width=900,height=500&quot;); return false;\"><i class=\"fab fa-facebook\"><\/i><\/a><a class=\"w-sharing-item twitter\" href=\"https:\/\/twitter.com\/intent\/tweet?text=Habitaciones&amp;url=https:\/\/jechoteles.com\/hotel-alicante-bogota\/wp-json\/wp\/v2\/pages\/103\" title=\"Twittear\" aria-label=\"Twittear\" onclick=\"window.open(this.href, &quot;twitter&quot;, &quot;toolbar=0,width=650,height=360&quot;); return false;\"><i class=\"fab fa-twitter\"><\/i><\/a><a class=\"w-sharing-item whatsapp\" href=\"https:\/\/web.whatsapp.com\/send?text=Habitaciones https:\/\/jechoteles.com\/hotel-alicante-bogota\/wp-json\/wp\/v2\/pages\/103\" title=\"Comparte esto\" aria-label=\"Comparte esto\" onclick=\"window.open(this.href, &quot;whatsapp&quot;, &quot;toolbar=0,width=900,height=500&quot;); return false;\"><i class=\"fab fa-whatsapp\"><\/i><\/a><\/div><\/div><\/div><\/div><div class=\"wpb_column vc_column_container\"><div class=\"vc_column-inner\"><\/div><\/div><\/div><\/div><\/section><section class=\"l-section wpb_row height_medium\"><div class=\"l-section-h i-cf\"><div class=\"g-cols via_grid cols_1 laptops-cols_inherit tablets-cols_inherit mobiles-cols_1 valign_top type_default\"><div class=\"wpb_column vc_column_container\"><div class=\"vc_column-inner\"><div class=\"w-grid type_carousel layout_blog_1 cols_3 popup_page\" id=\"us_grid_1\"><style>#us_grid_1 .w-grid-item{padding:0.5rem}#us_grid_1 .w-grid-list{margin:-0.5rem}.w-grid + #us_grid_1 .w-grid-list{margin-top:0.5rem}.layout_blog_1 .w-grid-item-h{}.layout_blog_1 .usg_post_image_1{margin-bottom:0.5rem!important}.layout_blog_1 .usg_post_title_1{font-size:1rem!important}<\/style><div class=\"w-grid-list owl-carousel navstyle_circle navpos_outside\" style=\"--arrows-size:1.8rem;\">\t<article class=\"w-grid-item post-216 page type-page status-publish has-post-thumbnail hentry\" data-id=\"216\">\r\n\t\t<div class=\"w-grid-item-h\">\r\n\t\t\t\t\t\t\t<a class=\"w-grid-item-anchor\" href=\"https:\/\/jechoteles.com\/hotel-alicante-bogota\/habitaciones\/familiar\/\" rel=\"bookmark\" aria-label=\"Familiar\"><\/a>\r\n\t\t\t\t\t\t<div class=\"w-post-elm post_image usg_post_image_1 stretched\"><a href=\"https:\/\/jechoteles.com\/hotel-alicante-bogota\/habitaciones\/familiar\/\" aria-label=\"Familiar\"><img loading=\"lazy\" decoding=\"async\" width=\"900\" height=\"600\" src=\"https:\/\/jechoteles.com\/hotel-alicante-bogota\/wp-content\/uploads\/sites\/10\/2021\/12\/Habitacion-Familiar-Coral-Reef.png\" class=\"attachment-us_600_600_crop size-us_600_600_crop wp-post-image\" alt=\"\" srcset=\"https:\/\/jechoteles.com\/hotel-alicante-bogota\/wp-content\/uploads\/sites\/10\/2021\/12\/Habitacion-Familiar-Coral-Reef.png 900w, https:\/\/jechoteles.com\/hotel-alicante-bogota\/wp-content\/uploads\/sites\/10\/2021\/12\/Habitacion-Familiar-Coral-Reef-300x200.png 300w\" sizes=\"auto, (max-width: 900px) 100vw, 900px\" \/><\/a><\/div><h2 class=\"w-post-elm post_title usg_post_title_1 entry-title color_link_inherit\"><a href=\"https:\/\/jechoteles.com\/hotel-alicante-bogota\/habitaciones\/familiar\/\">Familiar<\/a><\/h2>\t\t<\/div>\r\n\t<\/article>\r\n\t<article class=\"w-grid-item post-213 page type-page status-publish has-post-thumbnail hentry\" data-id=\"213\">\r\n\t\t<div class=\"w-grid-item-h\">\r\n\t\t\t\t\t\t\t<a class=\"w-grid-item-anchor\" href=\"https:\/\/jechoteles.com\/hotel-alicante-bogota\/habitaciones\/doble\/\" rel=\"bookmark\" aria-label=\"Doble\"><\/a>\r\n\t\t\t\t\t\t<div class=\"w-post-elm post_image usg_post_image_1 stretched\"><a href=\"https:\/\/jechoteles.com\/hotel-alicante-bogota\/habitaciones\/doble\/\" aria-label=\"Doble\"><img loading=\"lazy\" decoding=\"async\" width=\"900\" height=\"600\" src=\"https:\/\/jechoteles.com\/hotel-alicante-bogota\/wp-content\/uploads\/sites\/10\/2021\/12\/Habitacion-Doble-Coral-Reef.png.jpg\" class=\"attachment-us_600_600_crop size-us_600_600_crop wp-post-image\" alt=\"\" srcset=\"https:\/\/jechoteles.com\/hotel-alicante-bogota\/wp-content\/uploads\/sites\/10\/2021\/12\/Habitacion-Doble-Coral-Reef.png.jpg 900w, https:\/\/jechoteles.com\/hotel-alicante-bogota\/wp-content\/uploads\/sites\/10\/2021\/12\/Habitacion-Doble-Coral-Reef.png-300x200.jpg 300w\" sizes=\"auto, (max-width: 900px) 100vw, 900px\" \/><\/a><\/div><h2 class=\"w-post-elm post_title usg_post_title_1 entry-title color_link_inherit\"><a href=\"https:\/\/jechoteles.com\/hotel-alicante-bogota\/habitaciones\/doble\/\">Doble<\/a><\/h2>\t\t<\/div>\r\n\t<\/article>\r\n\t<article class=\"w-grid-item post-209 page type-page status-publish has-post-thumbnail hentry\" data-id=\"209\">\r\n\t\t<div class=\"w-grid-item-h\">\r\n\t\t\t\t\t\t\t<a class=\"w-grid-item-anchor\" href=\"https:\/\/jechoteles.com\/hotel-alicante-bogota\/habitaciones\/doble-mas-individual\/\" rel=\"bookmark\" aria-label=\"Doble m\u00e1s individual\"><\/a>\r\n\t\t\t\t\t\t<div class=\"w-post-elm post_image usg_post_image_1 stretched\"><a href=\"https:\/\/jechoteles.com\/hotel-alicante-bogota\/habitaciones\/doble-mas-individual\/\" aria-label=\"Doble m\u00e1s individual\"><img loading=\"lazy\" decoding=\"async\" width=\"871\" height=\"600\" src=\"https:\/\/jechoteles.com\/hotel-alicante-bogota\/wp-content\/uploads\/sites\/10\/2021\/12\/121785536.jpg\" class=\"attachment-us_600_600_crop size-us_600_600_crop wp-post-image\" alt=\"\" srcset=\"https:\/\/jechoteles.com\/hotel-alicante-bogota\/wp-content\/uploads\/sites\/10\/2021\/12\/121785536.jpg 871w, https:\/\/jechoteles.com\/hotel-alicante-bogota\/wp-content\/uploads\/sites\/10\/2021\/12\/121785536-300x207.jpg 300w\" sizes=\"auto, (max-width: 871px) 100vw, 871px\" \/><\/a><\/div><h2 class=\"w-post-elm post_title usg_post_title_1 entry-title color_link_inherit\"><a href=\"https:\/\/jechoteles.com\/hotel-alicante-bogota\/habitaciones\/doble-mas-individual\/\">Doble m\u00e1s individual<\/a><\/h2>\t\t<\/div>\r\n\t<\/article>\r\n\t<article class=\"w-grid-item post-203 page type-page status-publish has-post-thumbnail hentry\" data-id=\"203\">\r\n\t\t<div class=\"w-grid-item-h\">\r\n\t\t\t\t\t\t\t<a class=\"w-grid-item-anchor\" href=\"https:\/\/jechoteles.com\/hotel-alicante-bogota\/habitaciones\/doble-superior\/\" rel=\"bookmark\" aria-label=\"Doble superior\"><\/a>\r\n\t\t\t\t\t\t<div class=\"w-post-elm post_image usg_post_image_1 stretched\"><a href=\"https:\/\/jechoteles.com\/hotel-alicante-bogota\/habitaciones\/doble-superior\/\" aria-label=\"Doble superior\"><img loading=\"lazy\" decoding=\"async\" width=\"898\" height=\"600\" src=\"https:\/\/jechoteles.com\/hotel-alicante-bogota\/wp-content\/uploads\/sites\/10\/2021\/12\/121785552.jpg\" class=\"attachment-us_600_600_crop size-us_600_600_crop wp-post-image\" alt=\"\" srcset=\"https:\/\/jechoteles.com\/hotel-alicante-bogota\/wp-content\/uploads\/sites\/10\/2021\/12\/121785552.jpg 898w, https:\/\/jechoteles.com\/hotel-alicante-bogota\/wp-content\/uploads\/sites\/10\/2021\/12\/121785552-300x200.jpg 300w\" sizes=\"auto, (max-width: 898px) 100vw, 898px\" \/><\/a><\/div><h2 class=\"w-post-elm post_title usg_post_title_1 entry-title color_link_inherit\"><a href=\"https:\/\/jechoteles.com\/hotel-alicante-bogota\/habitaciones\/doble-superior\/\">Doble superior<\/a><\/h2>\t\t<\/div>\r\n\t<\/article>\r\n\t<article class=\"w-grid-item post-170 page type-page status-publish has-post-thumbnail hentry\" data-id=\"170\">\r\n\t\t<div class=\"w-grid-item-h\">\r\n\t\t\t\t\t\t\t<a class=\"w-grid-item-anchor\" href=\"https:\/\/jechoteles.com\/hotel-alicante-bogota\/habitaciones\/junior-suite\/\" rel=\"bookmark\" aria-label=\"Junior suite\"><\/a>\r\n\t\t\t\t\t\t<div class=\"w-post-elm post_image usg_post_image_1 stretched\"><a href=\"https:\/\/jechoteles.com\/hotel-alicante-bogota\/habitaciones\/junior-suite\/\" aria-label=\"Junior suite\"><img loading=\"lazy\" decoding=\"async\" width=\"894\" height=\"600\" src=\"https:\/\/jechoteles.com\/hotel-alicante-bogota\/wp-content\/uploads\/sites\/10\/2021\/12\/121785609.jpg\" class=\"attachment-us_600_600_crop size-us_600_600_crop wp-post-image\" alt=\"\" srcset=\"https:\/\/jechoteles.com\/hotel-alicante-bogota\/wp-content\/uploads\/sites\/10\/2021\/12\/121785609.jpg 894w, https:\/\/jechoteles.com\/hotel-alicante-bogota\/wp-content\/uploads\/sites\/10\/2021\/12\/121785609-300x201.jpg 300w\" sizes=\"auto, (max-width: 894px) 100vw, 894px\" \/><\/a><\/div><h2 class=\"w-post-elm post_title usg_post_title_1 entry-title color_link_inherit\"><a href=\"https:\/\/jechoteles.com\/hotel-alicante-bogota\/habitaciones\/junior-suite\/\">Junior suite<\/a><\/h2>\t\t<\/div>\r\n\t<\/article>\r\n<\/div><div class=\"g-preloader type_1\">\r\n\t<div><\/div>\r\n<\/div>\r\n\t<div class=\"w-grid-json hidden\" onclick='return {&quot;action&quot;:&quot;us_ajax_grid&quot;,&quot;ajax_url&quot;:&quot;https:\\\/\\\/jechoteles.com\\\/hotel-alicante-bogota\\\/wp-admin\\\/admin-ajax.php&quot;,&quot;infinite_scroll&quot;:0,&quot;max_num_pages&quot;:1,&quot;pagination&quot;:&quot;none&quot;,&quot;permalink_url&quot;:&quot;https:\\\/\\\/jechoteles.com\\\/hotel-alicante-bogota\\\/wp-json\\\/wp\\\/v2\\\/pages\\\/103&quot;,&quot;template_vars&quot;:{&quot;columns&quot;:&quot;3&quot;,&quot;exclude_items&quot;:&quot;none&quot;,&quot;img_size&quot;:&quot;default&quot;,&quot;ignore_items_size&quot;:false,&quot;items_layout&quot;:&quot;blog_1&quot;,&quot;items_offset&quot;:&quot;1&quot;,&quot;load_animation&quot;:&quot;none&quot;,&quot;overriding_link&quot;:&quot;popup_post&quot;,&quot;post_id&quot;:103,&quot;query_args&quot;:{&quot;ignore_sticky_posts&quot;:1,&quot;post_type&quot;:&quot;any&quot;,&quot;post__in&quot;:[&quot;213&quot;,&quot;203&quot;,&quot;209&quot;,&quot;216&quot;,&quot;170&quot;],&quot;posts_per_page&quot;:&quot;5&quot;},&quot;orderby_query_args&quot;:{&quot;orderby&quot;:{&quot;date&quot;:&quot;DESC&quot;}},&quot;type&quot;:&quot;carousel&quot;,&quot;us_grid_ajax_index&quot;:1,&quot;us_grid_filter_params&quot;:null,&quot;us_grid_index&quot;:1,&quot;_us_grid_post_type&quot;:&quot;ids&quot;},&quot;carousel_settings&quot;:{&quot;autoHeight&quot;:0,&quot;autoplay&quot;:1,&quot;carousel_fade&quot;:0,&quot;center&quot;:0,&quot;dots&quot;:0,&quot;items&quot;:&quot;3&quot;,&quot;loop&quot;:false,&quot;nav&quot;:1,&quot;slideby&quot;:&quot;1&quot;,&quot;smooth_play&quot;:1,&quot;speed&quot;:250,&quot;timeout&quot;:3000,&quot;transition&quot;:&quot;&quot;},&quot;carousel_breakpoints&quot;:{&quot;1200&quot;:{&quot;items&quot;:3},&quot;900&quot;:{&quot;autoHeight&quot;:0,&quot;autoplay&quot;:1,&quot;autoplayHoverPause&quot;:1,&quot;items&quot;:3,&quot;loop&quot;:false},&quot;600&quot;:{&quot;autoHeight&quot;:0,&quot;autoplay&quot;:1,&quot;autoplayHoverPause&quot;:1,&quot;items&quot;:2,&quot;loop&quot;:false},&quot;0&quot;:{&quot;autoHeight&quot;:0,&quot;autoplay&quot;:1,&quot;autoplayHoverPause&quot;:1,&quot;items&quot;:1,&quot;loop&quot;:true}}}'><\/div>\r\n\t\t<div class=\"l-popup\">\r\n\t\t<div class=\"l-popup-overlay\"><\/div>\r\n\t\t<div class=\"l-popup-wrap\">\r\n\t\t\t<div class=\"l-popup-box\">\r\n\t\t\t\t<div class=\"l-popup-box-content\">\r\n\t\t\t\t\t<div class=\"g-preloader type_1\">\r\n\t\t\t\t\t\t<div><\/div>\r\n\t\t\t\t\t<\/div>\r\n\t\t\t\t\t<iframe class=\"l-popup-box-content-frame\" allowfullscreen><\/iframe>\r\n\t\t\t\t<\/div>\r\n\t\t\t<\/div>\r\n\t\t\t\t\t\t\t<div class=\"l-popup-arrow to_next\" title=\"Siguiente\"><\/div>\r\n\t\t\t\t<div class=\"l-popup-arrow to_prev\" title=\"Anterior\"><\/div>\r\n\t\t\t\t\t\t<div class=\"l-popup-closer\"><\/div>\r\n\t\t<\/div>\r\n\t<\/div>\r\n\t<\/div><\/div><\/div><\/div><\/div><\/section>\n","protected":false},"excerpt":{"rendered":"[vc_custom_heading text=\"Junior Suite\" google_fonts=\"font_family:Raleway%3A100%2C200%2C300%2Cregular%2C500%2C600%2C700%2C800%2C900|font_style:500%20bold%20regular%3A500%3Anormal\"]Nuestras junior suite cuentan con amplio espacio, tienen excelente iluminaci\u00f3n natural y poseen vista interna, alejado de los ruidos exteriores. Una habitaci\u00f3n ideal para quienes quieren un descanso aislado del ruido, cerca al mirador del Hotel, restaurante y zonas h\u00famedas. Caracter\u00edsticas Cama King Size 2m x 2m Vista interior Ba\u00f1o privado Comodidades...","protected":false},"author":1,"featured_media":0,"parent":0,"menu_order":0,"comment_status":"closed","ping_status":"closed","template":"","meta":{"_joinchat":[],"footnotes":""},"class_list":["post-103","page","type-page","status-publish","hentry"],"_links":{"self":[{"href":"https:\/\/jechoteles.com\/hotel-alicante-bogota\/wp-json\/wp\/v2\/pages\/103","targetHints":{"allow":["GET"]}}],"collection":[{"href":"https:\/\/jechoteles.com\/hotel-alicante-bogota\/wp-json\/wp\/v2\/pages"}],"about":[{"href":"https:\/\/jechoteles.com\/hotel-alicante-bogota\/wp-json\/wp\/v2\/types\/page"}],"author":[{"embeddable":true,"href":"https:\/\/jechoteles.com\/hotel-alicante-bogota\/wp-json\/wp\/v2\/users\/1"}],"replies":[{"embeddable":true,"href":"https:\/\/jechoteles.com\/hotel-alicante-bogota\/wp-json\/wp\/v2\/comments?post=103"}],"version-history":[{"count":19,"href":"https:\/\/jechoteles.com\/hotel-alicante-bogota\/wp-json\/wp\/v2\/pages\/103\/revisions"}],"predecessor-version":[{"id":246,"href":"https:\/\/jechoteles.com\/hotel-alicante-bogota\/wp-json\/wp\/v2\/pages\/103\/revisions\/246"}],"wp:attachment":[{"href":"https:\/\/jechoteles.com\/hotel-alicante-bogota\/wp-json\/wp\/v2\/media?parent=103"}],"curies":[{"name":"wp","href":"https:\/\/api.w.org\/{rel}","templated":true}]}}