{"id":170,"date":"2021-12-23T20:31:05","date_gmt":"2021-12-23T20:31:05","guid":{"rendered":"https:\/\/jechoteles.com\/hotel-alicante-bogota\/?page_id=170"},"modified":"2021-12-23T22:21:26","modified_gmt":"2021-12-23T22:21:26","slug":"junior-suite","status":"publish","type":"page","link":"https:\/\/jechoteles.com\/hotel-alicante-bogota\/habitaciones\/junior-suite\/","title":{"rendered":"Junior suite"},"content":{"rendered":"<section class=\"l-section wpb_row height_huge color_primary with_img\"><div class=\"l-section-img\" style=\"background-image: url(https:\/\/jechoteles.com\/hotel-alicante-bogota\/wp-content\/uploads\/sites\/10\/2021\/12\/121785609.jpg);\" data-img-width=\"894\" data-img-height=\"600\"><\/div><div class=\"l-section-overlay\" style=\"background:rgba(0,0,0,0.50)\"><\/div><div class=\"l-section-h i-cf\"><div class=\"g-cols via_grid cols_2 laptops-cols_inherit tablets-cols_inherit mobiles-cols_1 valign_top type_default\"><div class=\"wpb_column vc_column_container\"><div class=\"vc_column-inner\">[vc_custom_heading text=&#8221;Junior Suite&#8221; google_fonts=&#8221;font_family:Raleway%3A100%2C200%2C300%2Cregular%2C500%2C600%2C700%2C800%2C900|font_style:500%20bold%20regular%3A500%3Anormal&#8221;]<div class=\"wpb_text_column\"><div class=\"wpb_wrapper\"><p>Nuestras junior suite cuentan con amplio espacio, tienen excelente iluminaci\u00f3n natural y poseen vista interna, alejado de los ruidos exteriores. Una habitaci\u00f3n ideal para quienes quieren un descanso aislado del ruido, cerca al mirador del Hotel, restaurante y zonas h\u00famedas.<\/p>\n<\/div><\/div><\/div><\/div><div class=\"wpb_column vc_column_container\"><div class=\"vc_column-inner\"><div class=\"w-tabs style_default switch_click accordion has_scrolling\" style=\"--sections-title-size:inherit\"><div class=\"w-tabs-sections titles-align_none icon_chevron cpos_right\"><div class=\"w-tabs-section\" id=\"oeb4\"><button aria-controls=\"content-oeb4\" class=\"w-tabs-section-header with_icon\"><i class=\"fas fa-heart\"><\/i><div class=\"w-tabs-section-title\">Caracter\u00edsticas<\/div><div class=\"w-tabs-section-control\"><\/div><\/button><div class=\"w-tabs-section-content\" id=\"content-oeb4\" aria-expanded=\"false\"><div class=\"w-tabs-section-content-h i-cf\"><div class=\"wpb_text_column\"><div class=\"wpb_wrapper\"><ul>\n<li>Cama King Size 2m x 2m<\/li>\n<li>Vista interior<\/li>\n<li>Ba\u00f1o privado<\/li>\n<\/ul>\n<\/div><\/div><\/div><\/div><\/div><div class=\"w-tabs-section\" id=\"e18e\"><button aria-controls=\"content-e18e\" class=\"w-tabs-section-header with_icon\"><i class=\"fas fa-star\"><\/i><div class=\"w-tabs-section-title\">Comodidades<\/div><div class=\"w-tabs-section-control\"><\/div><\/button><div class=\"w-tabs-section-content\" id=\"content-e18e\" aria-expanded=\"false\"><div class=\"w-tabs-section-content-h i-cf\"><div class=\"g-cols wpb_row via_grid cols_2 laptops-cols_inherit tablets-cols_inherit mobiles-cols_1 valign_top type_default\"><div class=\"wpb_column vc_column_container\"><div class=\"vc_column-inner\"><div class=\"wpb_text_column\"><div class=\"wpb_wrapper\"><ul>\n<li>Lencer\u00eda con 180 Hilos<\/li>\n<li>Televisi\u00f3n por cable HD<\/li>\n<li>Aire acondicionado Mini Split<\/li>\n<li>Silla Auxiliar<\/li>\n<li>Mini bar<\/li>\n<li>Caja Fuerte<\/li>\n<li>Wifi de Cortes\u00eda<\/li>\n<\/ul>\n<\/div><\/div><\/div><\/div><div class=\"wpb_column vc_column_container\"><div class=\"vc_column-inner\"><div class=\"wpb_text_column\"><div class=\"wpb_wrapper\"><ul>\n<li>Radio despertador<\/li>\n<li>Luces Led<\/li>\n<li>Escritorio<\/li>\n<li>Porta maleta<\/li>\n<li>Closet<\/li>\n<li>Sof\u00e1 Auxiliar<\/li>\n<\/ul>\n<\/div><\/div><\/div><\/div><\/div><\/div><\/div><\/div><\/div><\/div><div class=\"w-separator size_medium\"><\/div><div class=\"w-sharing type_simple align_center color_default\"><div class=\"w-sharing-list\"><a class=\"w-sharing-item email\" href=\"mailto:?subject=Junior suite&amp;body=https:\/\/jechoteles.com\/hotel-alicante-bogota\/wp-json\/wp\/v2\/pages\/170\" title=\"Env\u00edalo por mail\" aria-label=\"Env\u00edalo por mail\"><i class=\"fas fa-envelope\"><\/i><\/a><a class=\"w-sharing-item facebook\" href=\"https:\/\/www.facebook.com\/sharer\/sharer.php?u=https:\/\/jechoteles.com\/hotel-alicante-bogota\/wp-json\/wp\/v2\/pages\/170&amp;quote=Junior suite\" title=\"Comparte esto\" aria-label=\"Comparte esto\" onclick=\"window.open(this.href, &quot;facebook&quot;, &quot;toolbar=0,width=900,height=500&quot;); return false;\"><i class=\"fab fa-facebook\"><\/i><\/a><a class=\"w-sharing-item twitter\" href=\"https:\/\/twitter.com\/intent\/tweet?text=Junior suite&amp;url=https:\/\/jechoteles.com\/hotel-alicante-bogota\/wp-json\/wp\/v2\/pages\/170\" title=\"Twittear\" aria-label=\"Twittear\" onclick=\"window.open(this.href, &quot;twitter&quot;, &quot;toolbar=0,width=650,height=360&quot;); return false;\"><i class=\"fab fa-twitter\"><\/i><\/a><a class=\"w-sharing-item whatsapp\" href=\"https:\/\/web.whatsapp.com\/send?text=Junior suite https:\/\/jechoteles.com\/hotel-alicante-bogota\/wp-json\/wp\/v2\/pages\/170\" title=\"Comparte esto\" aria-label=\"Comparte esto\" onclick=\"window.open(this.href, &quot;whatsapp&quot;, &quot;toolbar=0,width=900,height=500&quot;); return false;\"><i class=\"fab fa-whatsapp\"><\/i><\/a><\/div><\/div><div class=\"w-separator size_medium\"><\/div><\/div><\/div><\/div><\/div><\/section>\n","protected":false},"excerpt":{"rendered":"[vc_custom_heading text=\"Junior Suite\" google_fonts=\"font_family:Raleway%3A100%2C200%2C300%2Cregular%2C500%2C600%2C700%2C800%2C900|font_style:500%20bold%20regular%3A500%3Anormal\"]Nuestras junior suite cuentan con amplio espacio, tienen excelente iluminaci\u00f3n natural y poseen vista interna, alejado de los ruidos exteriores. Una habitaci\u00f3n ideal para quienes quieren un descanso aislado del ruido, cerca al mirador del Hotel, restaurante y zonas h\u00famedas. Caracter\u00edsticas Cama King Size 2m x 2m Vista interior Ba\u00f1o privado Comodidades...","protected":false},"author":1,"featured_media":36,"parent":103,"menu_order":0,"comment_status":"closed","ping_status":"closed","template":"","meta":{"_joinchat":[],"footnotes":""},"class_list":["post-170","page","type-page","status-publish","has-post-thumbnail","hentry"],"_links":{"self":[{"href":"https:\/\/jechoteles.com\/hotel-alicante-bogota\/wp-json\/wp\/v2\/pages\/170","targetHints":{"allow":["GET"]}}],"collection":[{"href":"https:\/\/jechoteles.com\/hotel-alicante-bogota\/wp-json\/wp\/v2\/pages"}],"about":[{"href":"https:\/\/jechoteles.com\/hotel-alicante-bogota\/wp-json\/wp\/v2\/types\/page"}],"author":[{"embeddable":true,"href":"https:\/\/jechoteles.com\/hotel-alicante-bogota\/wp-json\/wp\/v2\/users\/1"}],"replies":[{"embeddable":true,"href":"https:\/\/jechoteles.com\/hotel-alicante-bogota\/wp-json\/wp\/v2\/comments?post=170"}],"version-history":[{"count":32,"href":"https:\/\/jechoteles.com\/hotel-alicante-bogota\/wp-json\/wp\/v2\/pages\/170\/revisions"}],"predecessor-version":[{"id":202,"href":"https:\/\/jechoteles.com\/hotel-alicante-bogota\/wp-json\/wp\/v2\/pages\/170\/revisions\/202"}],"up":[{"embeddable":true,"href":"https:\/\/jechoteles.com\/hotel-alicante-bogota\/wp-json\/wp\/v2\/pages\/103"}],"wp:featuredmedia":[{"embeddable":true,"href":"https:\/\/jechoteles.com\/hotel-alicante-bogota\/wp-json\/wp\/v2\/media\/36"}],"wp:attachment":[{"href":"https:\/\/jechoteles.com\/hotel-alicante-bogota\/wp-json\/wp\/v2\/media?parent=170"}],"curies":[{"name":"wp","href":"https:\/\/api.w.org\/{rel}","templated":true}]}}