{"id":216,"date":"2021-12-23T21:41:18","date_gmt":"2021-12-23T21:41:18","guid":{"rendered":"https:\/\/jechoteles.com\/hotel-alicante-bogota\/?page_id=216"},"modified":"2021-12-23T22:38:21","modified_gmt":"2021-12-23T22:38:21","slug":"familiar","status":"publish","type":"page","link":"https:\/\/jechoteles.com\/hotel-alicante-bogota\/habitaciones\/familiar\/","title":{"rendered":"Familiar"},"content":{"rendered":"<section class=\"l-section wpb_row height_huge color_primary with_img\"><div class=\"l-section-img\" style=\"background-image: url(https:\/\/jechoteles.com\/hotel-alicante-bogota\/wp-content\/uploads\/sites\/10\/2021\/12\/Habitacion-Familiar-Coral-Reef.png);\" data-img-width=\"900\" data-img-height=\"600\"><\/div><div class=\"l-section-overlay\" style=\"background:rgba(0,0,0,0.50)\"><\/div><div class=\"l-section-h i-cf\"><div class=\"g-cols via_grid cols_2 laptops-cols_inherit tablets-cols_inherit mobiles-cols_1 valign_top type_default\"><div class=\"wpb_column vc_column_container\"><div class=\"vc_column-inner\">[vc_custom_heading text=&#8221;Habitaci\u00f3n familiar&#8221; google_fonts=&#8221;font_family:Raleway%3A100%2C200%2C300%2Cregular%2C500%2C600%2C700%2C800%2C900|font_style:500%20bold%20regular%3A500%3Anormal&#8221;]<div class=\"wpb_text_column\"><div class=\"wpb_wrapper\"><p>Nuestras habitaciones familiares son amplias con una gran distribuci\u00f3n del espacio e ideal para acomodaciones m\u00faltiples, cuentan con amplio espacio y se caracterizan por ser confortables, iluminadas y decoraci\u00f3n minimalista, son de vista interior.<\/p>\n<\/div><\/div><\/div><\/div><div class=\"wpb_column vc_column_container\"><div class=\"vc_column-inner\"><div class=\"w-tabs style_default switch_click accordion has_scrolling\" style=\"--sections-title-size:inherit\"><div class=\"w-tabs-sections titles-align_none icon_chevron cpos_right\"><div class=\"w-tabs-section\" id=\"y4b9\"><button aria-controls=\"content-y4b9\" class=\"w-tabs-section-header with_icon\"><i class=\"fas fa-heart\"><\/i><div class=\"w-tabs-section-title\">Caracter\u00edsticas<\/div><div class=\"w-tabs-section-control\"><\/div><\/button><div class=\"w-tabs-section-content\" id=\"content-y4b9\" aria-expanded=\"false\"><div class=\"w-tabs-section-content-h i-cf\"><div class=\"wpb_text_column\"><div class=\"wpb_wrapper\"><ul>\n<li style=\"font-weight: 400;\" aria-level=\"1\"><span style=\"font-weight: 400;\">2 Camas dobles (1.40 m x 2.00 m) m\u00e1s una cama individual (1.00 m x 2.00 m)<\/span><\/li>\n<li>Vista interior<\/li>\n<li>Ba\u00f1o privado<\/li>\n<\/ul>\n<\/div><\/div><\/div><\/div><\/div><div class=\"w-tabs-section\" id=\"s31d\"><button aria-controls=\"content-s31d\" class=\"w-tabs-section-header with_icon\"><i class=\"fas fa-star\"><\/i><div class=\"w-tabs-section-title\">Comodidades<\/div><div class=\"w-tabs-section-control\"><\/div><\/button><div class=\"w-tabs-section-content\" id=\"content-s31d\" aria-expanded=\"false\"><div class=\"w-tabs-section-content-h i-cf\"><div class=\"g-cols wpb_row via_grid cols_2 laptops-cols_inherit tablets-cols_inherit mobiles-cols_1 valign_top type_default\"><div class=\"wpb_column vc_column_container\"><div class=\"vc_column-inner\"><div class=\"wpb_text_column\"><div class=\"wpb_wrapper\"><ul>\n<li>Lencer\u00eda con 180 hilos<\/li>\n<li>Televisi\u00f3n por cable HD<\/li>\n<li>Aire acondicionado mini split<\/li>\n<li>Silla auxiliar<\/li>\n<li>Minibar<\/li>\n<li>Caja fuerte<\/li>\n<li>Wifi de cortes\u00eda<\/li>\n<\/ul>\n<\/div><\/div><\/div><\/div><div class=\"wpb_column vc_column_container\"><div class=\"vc_column-inner\"><div class=\"wpb_text_column\"><div class=\"wpb_wrapper\"><ul>\n<li>Radio despertador<\/li>\n<li>Luces led<\/li>\n<li>Escritorio<\/li>\n<li>Portamaleta<\/li>\n<li>Cl\u00f3set<\/li>\n<li>Sof\u00e1 auxiliar<\/li>\n<\/ul>\n<\/div><\/div><\/div><\/div><\/div><\/div><\/div><\/div><\/div><\/div><div class=\"w-separator size_medium\"><\/div><div class=\"w-sharing type_simple align_center color_default\"><div class=\"w-sharing-list\"><a class=\"w-sharing-item email\" href=\"mailto:?subject=Familiar&amp;body=https:\/\/jechoteles.com\/hotel-alicante-bogota\/wp-json\/wp\/v2\/pages\/216\" title=\"Env\u00edalo por mail\" aria-label=\"Env\u00edalo por mail\"><i class=\"fas fa-envelope\"><\/i><\/a><a class=\"w-sharing-item facebook\" href=\"https:\/\/www.facebook.com\/sharer\/sharer.php?u=https:\/\/jechoteles.com\/hotel-alicante-bogota\/wp-json\/wp\/v2\/pages\/216&amp;quote=Familiar\" title=\"Comparte esto\" aria-label=\"Comparte esto\" onclick=\"window.open(this.href, &quot;facebook&quot;, &quot;toolbar=0,width=900,height=500&quot;); return false;\"><i class=\"fab fa-facebook\"><\/i><\/a><a class=\"w-sharing-item twitter\" href=\"https:\/\/twitter.com\/intent\/tweet?text=Familiar&amp;url=https:\/\/jechoteles.com\/hotel-alicante-bogota\/wp-json\/wp\/v2\/pages\/216\" title=\"Twittear\" aria-label=\"Twittear\" onclick=\"window.open(this.href, &quot;twitter&quot;, &quot;toolbar=0,width=650,height=360&quot;); return false;\"><i class=\"fab fa-twitter\"><\/i><\/a><a class=\"w-sharing-item whatsapp\" href=\"https:\/\/web.whatsapp.com\/send?text=Familiar https:\/\/jechoteles.com\/hotel-alicante-bogota\/wp-json\/wp\/v2\/pages\/216\" title=\"Comparte esto\" aria-label=\"Comparte esto\" onclick=\"window.open(this.href, &quot;whatsapp&quot;, &quot;toolbar=0,width=900,height=500&quot;); return false;\"><i class=\"fab fa-whatsapp\"><\/i><\/a><\/div><\/div><div class=\"w-separator size_medium\"><\/div><\/div><\/div><\/div><\/div><\/section>\n","protected":false},"excerpt":{"rendered":"[vc_custom_heading text=\"Habitaci\u00f3n familiar\" google_fonts=\"font_family:Raleway%3A100%2C200%2C300%2Cregular%2C500%2C600%2C700%2C800%2C900|font_style:500%20bold%20regular%3A500%3Anormal\"]Nuestras habitaciones familiares son amplias con una gran distribuci\u00f3n del espacio e ideal para acomodaciones m\u00faltiples, cuentan con amplio espacio y se caracterizan por ser confortables, iluminadas y decoraci\u00f3n minimalista, son de vista interior. Caracter\u00edsticas 2 Camas dobles (1.40 m x 2.00 m) m\u00e1s una cama individual (1.00 m x 2.00 m)...","protected":false},"author":1,"featured_media":227,"parent":103,"menu_order":0,"comment_status":"closed","ping_status":"closed","template":"","meta":{"_joinchat":[],"footnotes":""},"class_list":["post-216","page","type-page","status-publish","has-post-thumbnail","hentry"],"_links":{"self":[{"href":"https:\/\/jechoteles.com\/hotel-alicante-bogota\/wp-json\/wp\/v2\/pages\/216","targetHints":{"allow":["GET"]}}],"collection":[{"href":"https:\/\/jechoteles.com\/hotel-alicante-bogota\/wp-json\/wp\/v2\/pages"}],"about":[{"href":"https:\/\/jechoteles.com\/hotel-alicante-bogota\/wp-json\/wp\/v2\/types\/page"}],"author":[{"embeddable":true,"href":"https:\/\/jechoteles.com\/hotel-alicante-bogota\/wp-json\/wp\/v2\/users\/1"}],"replies":[{"embeddable":true,"href":"https:\/\/jechoteles.com\/hotel-alicante-bogota\/wp-json\/wp\/v2\/comments?post=216"}],"version-history":[{"count":5,"href":"https:\/\/jechoteles.com\/hotel-alicante-bogota\/wp-json\/wp\/v2\/pages\/216\/revisions"}],"predecessor-version":[{"id":229,"href":"https:\/\/jechoteles.com\/hotel-alicante-bogota\/wp-json\/wp\/v2\/pages\/216\/revisions\/229"}],"up":[{"embeddable":true,"href":"https:\/\/jechoteles.com\/hotel-alicante-bogota\/wp-json\/wp\/v2\/pages\/103"}],"wp:featuredmedia":[{"embeddable":true,"href":"https:\/\/jechoteles.com\/hotel-alicante-bogota\/wp-json\/wp\/v2\/media\/227"}],"wp:attachment":[{"href":"https:\/\/jechoteles.com\/hotel-alicante-bogota\/wp-json\/wp\/v2\/media?parent=216"}],"curies":[{"name":"wp","href":"https:\/\/api.w.org\/{rel}","templated":true}]}}