{"id":90,"date":"2021-12-21T22:13:10","date_gmt":"2021-12-21T22:13:10","guid":{"rendered":"https:\/\/jechoteles.com\/hotel-alicante-bogota\/?page_id=90"},"modified":"2022-02-15T00:27:46","modified_gmt":"2022-02-15T00:27:46","slug":"habeas-data","status":"publish","type":"page","link":"https:\/\/jechoteles.com\/hotel-alicante-bogota\/habeas-data\/","title":{"rendered":"H\u00e1beas Data"},"content":{"rendered":"<section class=\"l-section wpb_row height_medium\"><div class=\"l-section-h i-cf\"><div class=\"g-cols via_grid cols_1 laptops-cols_inherit tablets-cols_inherit mobiles-cols_1 valign_top type_default\"><div class=\"wpb_column vc_column_container\"><div class=\"vc_column-inner\"><div class=\"wpb_text_column\"><div class=\"wpb_wrapper\"><h2 class=\"has-text-align-center wp-block-heading\"><strong>HABEAS DATA<\/strong><\/h2>\n<p style=\"text-align: center;\">Autorizo al Hotel Alicante Bogot\u00e1 para recolectar, almacenar, depurar, usar, analizar, circular, actualizar y cruzar con informaci\u00f3n propia o de terceros, mis datos de contacto con la finalidad de enviar informaci\u00f3n comercial y contable.<br \/>El tratamiento de mis datos personales debe estar sujeto a la protecci\u00f3n establecida en la Ley 1581 de 2012, y su Decreto reglamentario 1377 de 2013, as\u00ed como a la Pol\u00edtica de Tratamiento de datos personales publicada en la p\u00e1gina web del Hotel Alicante Bogot\u00e1<\/p>\n<p style=\"text-align: center;\">En cualquier momento podr\u00e9 ejercer los derechos establecidos en estas normas y particularmente revocar la autorizaci\u00f3n prestada o solicitar la supresi\u00f3n de mis datos personales. Dicha solicitud la podr\u00e9 realizar mediante el env\u00edo de una comunicaci\u00f3n a la direcci\u00f3n del Hotel Alicante Bogot\u00e1 o llamando a sus tel\u00e9fonos.<\/p>\n<p style=\"text-align: center;\">Si 30 d\u00edas h\u00e1biles despu\u00e9s del recibo de esta comunicaci\u00f3n, no ejerzo mi derecho al retiro de los datos, se entender\u00e1 que el Hotel Alicante Bogot\u00e1 podr\u00e1 continuar con el tratamiento de los datos para la finalidad o finalidades indicadas en esta autorizaci\u00f3n.<\/p>\n<\/div><\/div><\/div><\/div><\/div><\/div><\/section>","protected":false},"excerpt":{"rendered":"HABEAS DATA Autorizo al Hotel Alicante Bogot\u00e1 para recolectar, almacenar, depurar, usar, analizar, circular, actualizar y cruzar con informaci\u00f3n propia o de terceros, mis datos de contacto con la finalidad de enviar informaci\u00f3n comercial y contable.El tratamiento de mis datos personales debe estar sujeto a la protecci\u00f3n establecida en la Ley 1581 de 2012, y...","protected":false},"author":1,"featured_media":0,"parent":0,"menu_order":0,"comment_status":"closed","ping_status":"closed","template":"","meta":{"_joinchat":[],"footnotes":""},"class_list":["post-90","page","type-page","status-publish","hentry"],"_links":{"self":[{"href":"https:\/\/jechoteles.com\/hotel-alicante-bogota\/wp-json\/wp\/v2\/pages\/90","targetHints":{"allow":["GET"]}}],"collection":[{"href":"https:\/\/jechoteles.com\/hotel-alicante-bogota\/wp-json\/wp\/v2\/pages"}],"about":[{"href":"https:\/\/jechoteles.com\/hotel-alicante-bogota\/wp-json\/wp\/v2\/types\/page"}],"author":[{"embeddable":true,"href":"https:\/\/jechoteles.com\/hotel-alicante-bogota\/wp-json\/wp\/v2\/users\/1"}],"replies":[{"embeddable":true,"href":"https:\/\/jechoteles.com\/hotel-alicante-bogota\/wp-json\/wp\/v2\/comments?post=90"}],"version-history":[{"count":5,"href":"https:\/\/jechoteles.com\/hotel-alicante-bogota\/wp-json\/wp\/v2\/pages\/90\/revisions"}],"predecessor-version":[{"id":338,"href":"https:\/\/jechoteles.com\/hotel-alicante-bogota\/wp-json\/wp\/v2\/pages\/90\/revisions\/338"}],"wp:attachment":[{"href":"https:\/\/jechoteles.com\/hotel-alicante-bogota\/wp-json\/wp\/v2\/media?parent=90"}],"curies":[{"name":"wp","href":"https:\/\/api.w.org\/{rel}","templated":true}]}}